{"id":64,"date":"2021-03-04T16:08:42","date_gmt":"2021-03-04T16:08:42","guid":{"rendered":"https:\/\/www.fcjove.es\/?page_id=64"},"modified":"2021-03-16T10:49:37","modified_gmt":"2021-03-16T10:49:37","slug":"reservas","status":"publish","type":"page","link":"https:\/\/www.fcjove.es\/?page_id=64","title":{"rendered":"Reservas"},"content":{"rendered":"\n<h1 class=\"has-text-align-center wp-block-heading\"><strong>Informaci\u00f3n y Reservas<\/strong><\/h1>\n\n\n\n<p><\/p>\n\n\n\n<div style=\"height:21px\" aria-hidden=\"true\" class=\"wp-block-spacer\"><\/div>\n\n\n\n<div class=\"wp-block-media-text alignwide has-media-on-the-right is-stacked-on-mobile\"><figure class=\"wp-block-media-text__media\"><img loading=\"lazy\" decoding=\"async\" width=\"1000\" height=\"666\" src=\"https:\/\/www.fcjove.es\/wp-content\/uploads\/2021\/03\/8cb492f2_z.jpg\" alt=\"\" class=\"wp-image-46 size-full\" srcset=\"https:\/\/www.fcjove.es\/wp-content\/uploads\/2021\/03\/8cb492f2_z.jpg 1000w, https:\/\/www.fcjove.es\/wp-content\/uploads\/2021\/03\/8cb492f2_z-300x200.jpg 300w, https:\/\/www.fcjove.es\/wp-content\/uploads\/2021\/03\/8cb492f2_z-768x511.jpg 768w\" sizes=\"auto, (max-width: 1000px) 100vw, 1000px\" \/><\/figure><div class=\"wp-block-media-text__content\">\n<h4 class=\"wp-block-heading\"><strong>SERVICIO DE ATENCI\u00d3N 24\/7<\/strong><\/h4>\n\n\n\n<h4 class=\"wp-block-heading\">Nos encanta atender a nuestros clientes. Ponte en contacto con nosotros para cualquier tipo de informaci\u00f3n o cotizaci\u00f3n de reserva que necesites. Estaremos encantados de atenderte.<\/h4>\n\n\n\n<p>Recuerda que nuestra recepci\u00f3n para <strong>Europa House Village <\/strong>se encuentran en nuestras instalaciones de C\/Rector,5 de San Vicente del Raspeig en <a href=\"http:\/\/www.residenciaeuropahouse.com\">Europa House University &amp; Sport Residence<\/a>.<\/p>\n\n\n\n<h4 class=\"wp-block-heading\"><strong>EUROPA HOUSE VILLAGE<\/strong><\/h4>\n\n\n\n<p>Calle Pizarro 2, 03690 San Vicente del Raspeig, Alicante, Spain<\/p>\n\n\n\n<p><a href=\"tel:+34644148995\">+34 644 14 89 95<\/a> <a href=\"tel:+34965675429\">+34 965 67 54 29<\/a> <a href=\"mailto:info@residenciaeuropahouse.com\">info@residenciaeuropahouse.com<\/a><\/p>\n<\/div><\/div>\n\n\n\n<p><\/p>\n","protected":false},"excerpt":{"rendered":"<p>Informaci\u00f3n y Reservas SERVICIO DE ATENCI\u00d3N 24\/7 Nos encanta atender a nuestros clientes. Ponte en contacto con nosotros para cualquier tipo de informaci\u00f3n o cotizaci\u00f3n de reserva que necesites. Estaremos encantados de atenderte. Recuerda que nuestra recepci\u00f3n para Europa House Village se encuentran en nuestras instalaciones de C\/Rector,5 de San Vicente del Raspeig en Europa [&hellip;]<\/p>\n<div class=\"read-more\"><a href=\"https:\/\/www.fcjove.es\/?page_id=64\" class=\"btn btn-primary btn-lg\">Read More<\/a><\/div>\n","protected":false},"author":1,"featured_media":0,"parent":0,"menu_order":0,"comment_status":"closed","ping_status":"closed","template":"","meta":{"footnotes":""},"class_list":["post-64","page","type-page","status-publish","hentry"],"_links":{"self":[{"href":"https:\/\/www.fcjove.es\/index.php?rest_route=\/wp\/v2\/pages\/64","targetHints":{"allow":["GET"]}}],"collection":[{"href":"https:\/\/www.fcjove.es\/index.php?rest_route=\/wp\/v2\/pages"}],"about":[{"href":"https:\/\/www.fcjove.es\/index.php?rest_route=\/wp\/v2\/types\/page"}],"author":[{"embeddable":true,"href":"https:\/\/www.fcjove.es\/index.php?rest_route=\/wp\/v2\/users\/1"}],"replies":[{"embeddable":true,"href":"https:\/\/www.fcjove.es\/index.php?rest_route=%2Fwp%2Fv2%2Fcomments&post=64"}],"version-history":[{"count":6,"href":"https:\/\/www.fcjove.es\/index.php?rest_route=\/wp\/v2\/pages\/64\/revisions"}],"predecessor-version":[{"id":184,"href":"https:\/\/www.fcjove.es\/index.php?rest_route=\/wp\/v2\/pages\/64\/revisions\/184"}],"wp:attachment":[{"href":"https:\/\/www.fcjove.es\/index.php?rest_route=%2Fwp%2Fv2%2Fmedia&parent=64"}],"curies":[{"name":"wp","href":"https:\/\/api.w.org\/{rel}","templated":true}]}}